{"id":119,"date":"2020-08-19T02:09:07","date_gmt":"2020-08-19T02:09:07","guid":{"rendered":"http:\/\/gastroklinika.lv\/index.php\/about-us\/"},"modified":"2021-03-01T21:20:32","modified_gmt":"2021-03-01T21:20:32","slug":"about-us","status":"publish","type":"page","link":"https:\/\/gastroklinika.lv\/index.php\/about-us\/","title":{"rendered":"Par mums"},"content":{"rendered":"\t\t<div data-elementor-type=\"wp-page\" data-elementor-id=\"119\" class=\"elementor elementor-119\">\n\t\t\t\t\t\t<section class=\"elementor-section elementor-top-section elementor-element elementor-element-67145ad elementor-section-boxed elementor-section-height-default elementor-section-height-default\" data-id=\"67145ad\" data-element_type=\"section\" data-settings=\"{&quot;background_background&quot;:&quot;gradient&quot;}\">\n\t\t\t\t\t\t\t<div class=\"elementor-background-overlay\"><\/div>\n\t\t\t\t\t\t\t<div class=\"elementor-container elementor-column-gap-no\">\n\t\t\t\t\t<div class=\"elementor-column elementor-col-100 elementor-top-column elementor-element elementor-element-b69ac67\" data-id=\"b69ac67\" data-element_type=\"column\">\n\t\t\t<div class=\"elementor-widget-wrap elementor-element-populated\">\n\t\t\t\t\t\t<div class=\"elementor-element elementor-element-ba6412d elementor-widget elementor-widget-heading\" data-id=\"ba6412d\" data-element_type=\"widget\" data-widget_type=\"heading.default\">\n\t\t\t\t<div class=\"elementor-widget-container\">\n\t\t\t<h1 class=\"elementor-heading-title elementor-size-default\">Par mums<\/h1>\t\t<\/div>\n\t\t\t\t<\/div>\n\t\t\t\t<div class=\"elementor-element elementor-element-065ff56 elementor-widget elementor-widget-text-editor\" data-id=\"065ff56\" data-element_type=\"widget\" data-widget_type=\"text-editor.default\">\n\t\t\t\t<div class=\"elementor-widget-container\">\n\t\t\t\t\t\t\t<p>M\u016bsu speci\u0101listi<\/p>\t\t\t\t\t\t<\/div>\n\t\t\t\t<\/div>\n\t\t\t\t\t<\/div>\n\t\t<\/div>\n\t\t\t\t\t<\/div>\n\t\t<\/section>\n\t\t\t\t<section class=\"elementor-section elementor-top-section elementor-element elementor-element-2a9b720 elementor-section-boxed elementor-section-height-default elementor-section-height-default\" data-id=\"2a9b720\" data-element_type=\"section\">\n\t\t\t\t\t\t<div class=\"elementor-container elementor-column-gap-default\">\n\t\t\t\t\t<div class=\"elementor-column elementor-col-100 elementor-top-column elementor-element elementor-element-6cb637f\" data-id=\"6cb637f\" data-element_type=\"column\">\n\t\t\t<div class=\"elementor-widget-wrap elementor-element-populated\">\n\t\t\t\t\t\t<div class=\"elementor-element elementor-element-edb8b42 elementor-widget elementor-widget-spacer\" data-id=\"edb8b42\" data-element_type=\"widget\" data-widget_type=\"spacer.default\">\n\t\t\t\t<div class=\"elementor-widget-container\">\n\t\t\t\t\t<div class=\"elementor-spacer\">\n\t\t\t<div class=\"elementor-spacer-inner\"><\/div>\n\t\t<\/div>\n\t\t\t\t<\/div>\n\t\t\t\t<\/div>\n\t\t\t\t\t<\/div>\n\t\t<\/div>\n\t\t\t\t\t<\/div>\n\t\t<\/section>\n\t\t\t\t<section class=\"elementor-section elementor-top-section elementor-element elementor-element-3666f17 elementor-section-boxed elementor-section-height-default elementor-section-height-default\" data-id=\"3666f17\" data-element_type=\"section\">\n\t\t\t\t\t\t<div class=\"elementor-container elementor-column-gap-default\">\n\t\t\t\t\t<div class=\"elementor-column elementor-col-50 elementor-top-column elementor-element elementor-element-90146c6\" data-id=\"90146c6\" data-element_type=\"column\">\n\t\t\t<div class=\"elementor-widget-wrap elementor-element-populated\">\n\t\t\t\t\t\t<div class=\"elementor-element elementor-element-a51d9bc elementor-widget elementor-widget-image\" data-id=\"a51d9bc\" data-element_type=\"widget\" data-widget_type=\"image.default\">\n\t\t\t\t<div class=\"elementor-widget-container\">\n\t\t\t\t\t\t\t\t\t\t\t\t\t<img decoding=\"async\" width=\"117\" height=\"157\" src=\"https:\/\/gastroklinika.lv\/wp-content\/uploads\/2021\/02\/derova.jpg\" class=\"attachment-large size-large wp-image-537\" alt=\"\" \/>\t\t\t\t\t\t\t\t\t\t\t\t\t<\/div>\n\t\t\t\t<\/div>\n\t\t\t\t\t<\/div>\n\t\t<\/div>\n\t\t\t\t<div class=\"elementor-column elementor-col-50 elementor-top-column elementor-element elementor-element-bb49903\" data-id=\"bb49903\" data-element_type=\"column\">\n\t\t\t<div class=\"elementor-widget-wrap elementor-element-populated\">\n\t\t\t\t\t\t<div class=\"elementor-element elementor-element-fc5de7f elementor-widget elementor-widget-text-editor\" data-id=\"fc5de7f\" data-element_type=\"widget\" data-widget_type=\"text-editor.default\">\n\t\t\t\t<div class=\"elementor-widget-container\">\n\t\t\t\t\t\t\t<p><b><a title=\"Saite uz \u0101rsta darba laiku\" href=\"http:\/\/gastroklinika.lv\/#\">Dr. Je\u013cena Derova<\/a><\/b>\u00a0\u2013 viena no vado\u0161ajiem Latvijas gastroenterologiem, sertific\u0113ts gastroenterologs un gastrointestin\u0101l\u0101s endoskopijas speci\u0101lists, Latvijas gastrointestin\u0101l\u0101s endoskopijas asoci\u0101cijas valdes locekle, daudzu zin\u0101tnisko publik\u0101ciju autore. Sta\u017e\u0113jusies Ung\u0101rij\u0101, Krievij\u0101, V\u0101cija, Sp\u0101nij\u0101 un Holand\u0113. Ofici\u0101lais Latvijas p\u0101rst\u0101vis ECCO (European Crohn\u2019s and Colitis Organization). Galven\u0101s kl\u012bnisk\u0101s intereses: zarnu slim\u012bbu diagnostika un farmakoterapija, hromoendoskopija, dietolo\u0123ija.<\/p>\t\t\t\t\t\t<\/div>\n\t\t\t\t<\/div>\n\t\t\t\t\t<\/div>\n\t\t<\/div>\n\t\t\t\t\t<\/div>\n\t\t<\/section>\n\t\t\t\t<section class=\"elementor-section elementor-top-section elementor-element elementor-element-214ba00 elementor-section-boxed elementor-section-height-default elementor-section-height-default\" data-id=\"214ba00\" data-element_type=\"section\">\n\t\t\t\t\t\t<div class=\"elementor-container elementor-column-gap-default\">\n\t\t\t\t\t<div class=\"elementor-column elementor-col-50 elementor-top-column elementor-element elementor-element-fa2acda\" data-id=\"fa2acda\" data-element_type=\"column\">\n\t\t\t<div class=\"elementor-widget-wrap elementor-element-populated\">\n\t\t\t\t\t\t<div class=\"elementor-element elementor-element-fbf53e4 elementor-widget elementor-widget-image\" data-id=\"fbf53e4\" data-element_type=\"widget\" data-widget_type=\"image.default\">\n\t\t\t\t<div class=\"elementor-widget-container\">\n\t\t\t\t\t\t\t\t\t\t\t\t\t<img decoding=\"async\" width=\"117\" height=\"157\" src=\"https:\/\/gastroklinika.lv\/wp-content\/uploads\/2021\/02\/skrupskis.jpg\" class=\"attachment-large size-large wp-image-536\" alt=\"\" \/>\t\t\t\t\t\t\t\t\t\t\t\t\t<\/div>\n\t\t\t\t<\/div>\n\t\t\t\t\t<\/div>\n\t\t<\/div>\n\t\t\t\t<div class=\"elementor-column elementor-col-50 elementor-top-column elementor-element elementor-element-cb1bdb9\" data-id=\"cb1bdb9\" data-element_type=\"column\">\n\t\t\t<div class=\"elementor-widget-wrap elementor-element-populated\">\n\t\t\t\t\t\t<div class=\"elementor-element elementor-element-02d6f46 elementor-widget elementor-widget-text-editor\" data-id=\"02d6f46\" data-element_type=\"widget\" data-widget_type=\"text-editor.default\">\n\t\t\t\t<div class=\"elementor-widget-container\">\n\t\t\t\t\t\t\t<p><b><a title=\"Saite uz \u0101rsta darba laiku\" href=\"http:\/\/gastroklinika.lv\/#\">Dr. M\u0101ris Skrupskis<\/a><\/b>\u00a0\u2013 sertific\u0113ts \u0101rsts-\u0137irurgs. \u0136irur\u0123ij\u0101 praktiz\u0113 kop\u0161 1976.gada. Kop\u0161 1993. gada specializ\u0113jas ku\u0146\u0123a un zarnu trakta \u0137irur\u0123ij\u0101 (pla\u0161i izmanto endoskopisku \u0137irur\u0123iju). Sta\u017e\u0113jies Krievij\u0101, Ukrain\u0101, Francij\u0101, V\u0101cij\u0101, D\u0101nij\u0101. Piedal\u012bjies daudzos Eiropas un Pasaules medic\u012bnas kongresos.<\/p>\t\t\t\t\t\t<\/div>\n\t\t\t\t<\/div>\n\t\t\t\t\t<\/div>\n\t\t<\/div>\n\t\t\t\t\t<\/div>\n\t\t<\/section>\n\t\t\t\t<section class=\"elementor-section elementor-top-section elementor-element elementor-element-67347f6 elementor-section-boxed elementor-section-height-default elementor-section-height-default\" data-id=\"67347f6\" data-element_type=\"section\">\n\t\t\t\t\t\t<div class=\"elementor-container elementor-column-gap-default\">\n\t\t\t\t\t<div class=\"elementor-column elementor-col-50 elementor-top-column elementor-element elementor-element-d11ccb7\" data-id=\"d11ccb7\" data-element_type=\"column\">\n\t\t\t<div class=\"elementor-widget-wrap elementor-element-populated\">\n\t\t\t\t\t\t<div class=\"elementor-element elementor-element-ec6beab elementor-widget elementor-widget-image\" data-id=\"ec6beab\" data-element_type=\"widget\" data-widget_type=\"image.default\">\n\t\t\t\t<div class=\"elementor-widget-container\">\n\t\t\t\t\t\t\t\t\t\t\t\t\t<img decoding=\"async\" width=\"117\" height=\"157\" src=\"https:\/\/gastroklinika.lv\/wp-content\/uploads\/2021\/02\/derovs.jpg\" class=\"attachment-large size-large wp-image-535\" alt=\"\" \/>\t\t\t\t\t\t\t\t\t\t\t\t\t<\/div>\n\t\t\t\t<\/div>\n\t\t\t\t\t<\/div>\n\t\t<\/div>\n\t\t\t\t<div class=\"elementor-column elementor-col-50 elementor-top-column elementor-element elementor-element-46aa4cf\" data-id=\"46aa4cf\" data-element_type=\"column\">\n\t\t\t<div class=\"elementor-widget-wrap elementor-element-populated\">\n\t\t\t\t\t\t<div class=\"elementor-element elementor-element-ae9a800 elementor-widget elementor-widget-text-editor\" data-id=\"ae9a800\" data-element_type=\"widget\" data-widget_type=\"text-editor.default\">\n\t\t\t\t<div class=\"elementor-widget-container\">\n\t\t\t\t\t\t\t<p><b><a title=\"Saite uz \u0101rsta darba laiku\" href=\"http:\/\/gastroklinika.lv\/#\">Dr. Aleksejs Derovs<\/a><\/b>\u00a0&#8211; sertific\u0113ts \u0101rsts-internists, sertific\u0113ts kapsulas endoskopijas speci\u0101lists. Liel\u0101k\u0101 pieredze Baltijas valst\u012bs kapsulas endoskopijas jom\u0101. Sta\u017e\u0113jies Lietuv\u0101, Krievij\u0101, Lielbrit\u0101nij\u0101, Sp\u0101nij\u0101, V\u0101cij\u0101, Holand\u0113. ECCO Latvijas grupas biedrs. Galven\u0101s kl\u012bnisk\u0101s intereses: iekais\u012bgas zarnu slim\u012bbas, gastrointestin\u0101la farmakoterapija, digest\u012bv\u0101 endoskopija, abdomin\u0101l\u0101 ultrasonogr\u0101fija, probioti\u0137i, dietolo\u0123ija. Vair\u0101ku zin\u0101tnisko publik\u0101ciju autors.<\/p>\t\t\t\t\t\t<\/div>\n\t\t\t\t<\/div>\n\t\t\t\t\t<\/div>\n\t\t<\/div>\n\t\t\t\t\t<\/div>\n\t\t<\/section>\n\t\t\t\t<section class=\"elementor-section elementor-top-section elementor-element elementor-element-387e78d elementor-section-boxed elementor-section-height-default elementor-section-height-default\" data-id=\"387e78d\" data-element_type=\"section\">\n\t\t\t\t\t\t<div class=\"elementor-container elementor-column-gap-default\">\n\t\t\t\t\t<div class=\"elementor-column elementor-col-50 elementor-top-column elementor-element elementor-element-4c1e783\" data-id=\"4c1e783\" data-element_type=\"column\">\n\t\t\t<div class=\"elementor-widget-wrap elementor-element-populated\">\n\t\t\t\t\t\t<div class=\"elementor-element elementor-element-ad0f49b elementor-widget elementor-widget-image\" data-id=\"ad0f49b\" data-element_type=\"widget\" data-widget_type=\"image.default\">\n\t\t\t\t<div class=\"elementor-widget-container\">\n\t\t\t\t\t\t\t\t\t\t\t\t\t<img loading=\"lazy\" decoding=\"async\" width=\"117\" height=\"157\" src=\"https:\/\/gastroklinika.lv\/wp-content\/uploads\/2021\/02\/voblikovs.jpg\" class=\"attachment-large size-large wp-image-534\" alt=\"\" \/>\t\t\t\t\t\t\t\t\t\t\t\t\t<\/div>\n\t\t\t\t<\/div>\n\t\t\t\t\t<\/div>\n\t\t<\/div>\n\t\t\t\t<div class=\"elementor-column elementor-col-50 elementor-top-column elementor-element elementor-element-f1e8b02\" data-id=\"f1e8b02\" data-element_type=\"column\">\n\t\t\t<div class=\"elementor-widget-wrap elementor-element-populated\">\n\t\t\t\t\t\t<div class=\"elementor-element elementor-element-1d89348 elementor-widget elementor-widget-text-editor\" data-id=\"1d89348\" data-element_type=\"widget\" data-widget_type=\"text-editor.default\">\n\t\t\t\t<div class=\"elementor-widget-container\">\n\t\t\t\t\t\t\t<p><b><a title=\"Saite uz \u0101rsta darba laiku\" href=\"http:\/\/gastroklinika.lv\/#\">Dr. P\u0101vels Vob\u013cikovs<\/a><\/b>\u00a0\u2013 sertific\u0113ts gastrointestin\u0101l\u0101s endoskopijas speci\u0101lists. Sta\u017e\u0113jies Krievij\u0101, V\u0101cij\u0101. Kl\u012bnisk\u0101s intereses: aug\u0161\u0113ja gremo\u0161anas trakta diagnostika.<\/p>\t\t\t\t\t\t<\/div>\n\t\t\t\t<\/div>\n\t\t\t\t\t<\/div>\n\t\t<\/div>\n\t\t\t\t\t<\/div>\n\t\t<\/section>\n\t\t\t\t<section class=\"elementor-section elementor-top-section elementor-element elementor-element-4fa30d6 elementor-section-boxed elementor-section-height-default elementor-section-height-default\" data-id=\"4fa30d6\" data-element_type=\"section\">\n\t\t\t\t\t\t<div class=\"elementor-container elementor-column-gap-default\">\n\t\t\t\t\t<div class=\"elementor-column elementor-col-50 elementor-top-column elementor-element elementor-element-9e28b14\" data-id=\"9e28b14\" data-element_type=\"column\">\n\t\t\t<div class=\"elementor-widget-wrap elementor-element-populated\">\n\t\t\t\t\t\t<div class=\"elementor-element elementor-element-d32f180 elementor-widget elementor-widget-image\" data-id=\"d32f180\" data-element_type=\"widget\" data-widget_type=\"image.default\">\n\t\t\t\t<div class=\"elementor-widget-container\">\n\t\t\t\t\t\t\t\t\t\t\t\t\t<img loading=\"lazy\" decoding=\"async\" width=\"117\" height=\"157\" src=\"https:\/\/gastroklinika.lv\/wp-content\/uploads\/2021\/02\/kolomejeca.jpg\" class=\"attachment-large size-large wp-image-533\" alt=\"\" \/>\t\t\t\t\t\t\t\t\t\t\t\t\t<\/div>\n\t\t\t\t<\/div>\n\t\t\t\t\t<\/div>\n\t\t<\/div>\n\t\t\t\t<div class=\"elementor-column elementor-col-50 elementor-top-column elementor-element elementor-element-4082ee1\" data-id=\"4082ee1\" data-element_type=\"column\">\n\t\t\t<div class=\"elementor-widget-wrap elementor-element-populated\">\n\t\t\t\t\t\t<div class=\"elementor-element elementor-element-187b791 elementor-widget elementor-widget-text-editor\" data-id=\"187b791\" data-element_type=\"widget\" data-widget_type=\"text-editor.default\">\n\t\t\t\t<div class=\"elementor-widget-container\">\n\t\t\t\t\t\t\t<p><b><a title=\"Saite uz \u0101rsta darba laiku\" href=\"http:\/\/gastroklinika.lv\/#\">Dr. Irina Kolomejeca<\/a><\/b>\u00a0\u2013 sertific\u0113ts gastrointestin\u0101l\u0101s endoskopijas speci\u0101lists. Sta\u017e\u0113jusies Krievij\u0101. Kl\u012bnisk\u0101s intereses: aug\u0161\u0113ja gremo\u0161anas trakta diagnostika.<\/p>\t\t\t\t\t\t<\/div>\n\t\t\t\t<\/div>\n\t\t\t\t\t<\/div>\n\t\t<\/div>\n\t\t\t\t\t<\/div>\n\t\t<\/section>\n\t\t\t\t<section class=\"elementor-section elementor-top-section elementor-element elementor-element-01af996 elementor-section-boxed elementor-section-height-default elementor-section-height-default\" data-id=\"01af996\" data-element_type=\"section\">\n\t\t\t\t\t\t<div class=\"elementor-container elementor-column-gap-default\">\n\t\t\t\t\t<div class=\"elementor-column elementor-col-50 elementor-top-column elementor-element elementor-element-7645cb3\" data-id=\"7645cb3\" data-element_type=\"column\">\n\t\t\t<div class=\"elementor-widget-wrap elementor-element-populated\">\n\t\t\t\t\t\t<div class=\"elementor-element elementor-element-83f305e elementor-widget elementor-widget-image\" data-id=\"83f305e\" data-element_type=\"widget\" data-widget_type=\"image.default\">\n\t\t\t\t<div class=\"elementor-widget-container\">\n\t\t\t\t\t\t\t\t\t\t\t\t\t<img loading=\"lazy\" decoding=\"async\" width=\"117\" height=\"157\" src=\"https:\/\/gastroklinika.lv\/wp-content\/uploads\/2021\/02\/suhorukova.jpg\" class=\"attachment-large size-large wp-image-532\" alt=\"\" \/>\t\t\t\t\t\t\t\t\t\t\t\t\t<\/div>\n\t\t\t\t<\/div>\n\t\t\t\t\t<\/div>\n\t\t<\/div>\n\t\t\t\t<div class=\"elementor-column elementor-col-50 elementor-top-column elementor-element elementor-element-38ec579\" data-id=\"38ec579\" data-element_type=\"column\">\n\t\t\t<div class=\"elementor-widget-wrap elementor-element-populated\">\n\t\t\t\t\t\t<div class=\"elementor-element elementor-element-ad6eb62 elementor-widget elementor-widget-text-editor\" data-id=\"ad6eb62\" data-element_type=\"widget\" data-widget_type=\"text-editor.default\">\n\t\t\t\t<div class=\"elementor-widget-container\">\n\t\t\t\t\t\t\t<p><b><a title=\"Saite uz \u0101rsta darba laiku\" href=\"http:\/\/gastroklinika.lv\/#\">Dr. \u0145ina Suhorukova<\/a><\/b>\u00a0\u2013 sertific\u0113ts \u0101rsts-sonografists. Kl\u012bnisk\u0101s priorit\u0101tes \u2013 v\u0113dera dobuma ultrasonogr\u0101fija. Sta\u017e\u0113jusies Krievij\u0101, Ukrain\u0101, V\u0101cij\u0101. Piedal\u012bjusies daudzos Eiropas medic\u012bnas kongresos.<\/p>\t\t\t\t\t\t<\/div>\n\t\t\t\t<\/div>\n\t\t\t\t\t<\/div>\n\t\t<\/div>\n\t\t\t\t\t<\/div>\n\t\t<\/section>\n\t\t\t\t<\/div>\n\t\t","protected":false},"excerpt":{"rendered":"<p>Par mums M\u016bsu speci\u0101listi Dr. Je\u013cena Derova\u00a0\u2013 viena no vado\u0161ajiem Latvijas gastroenterologiem, sertific\u0113ts gastroenterologs un gastrointestin\u0101l\u0101s endoskopijas speci\u0101lists, Latvijas gastrointestin\u0101l\u0101s endoskopijas asoci\u0101cijas valdes locekle, daudzu zin\u0101tnisko publik\u0101ciju autore. Sta\u017e\u0113jusies Ung\u0101rij\u0101, Krievij\u0101, V\u0101cija, Sp\u0101nij\u0101 un Holand\u0113. Ofici\u0101lais Latvijas p\u0101rst\u0101vis ECCO (European Crohn\u2019s and Colitis Organization). Galven\u0101s kl\u012bnisk\u0101s intereses: zarnu slim\u012bbu diagnostika un farmakoterapija, hromoendoskopija, dietolo\u0123ija. Dr. &hellip;<\/p>\n<p class=\"read-more\"> <a class=\"\" href=\"https:\/\/gastroklinika.lv\/index.php\/about-us\/\"> <span class=\"screen-reader-text\">Par mums<\/span> Read More \u00bb<\/a><\/p>\n","protected":false},"author":1,"featured_media":0,"parent":0,"menu_order":0,"comment_status":"closed","ping_status":"closed","template":"","meta":{"footnotes":""},"class_list":["post-119","page","type-page","status-publish","hentry"],"_links":{"self":[{"href":"https:\/\/gastroklinika.lv\/index.php\/wp-json\/wp\/v2\/pages\/119","targetHints":{"allow":["GET"]}}],"collection":[{"href":"https:\/\/gastroklinika.lv\/index.php\/wp-json\/wp\/v2\/pages"}],"about":[{"href":"https:\/\/gastroklinika.lv\/index.php\/wp-json\/wp\/v2\/types\/page"}],"author":[{"embeddable":true,"href":"https:\/\/gastroklinika.lv\/index.php\/wp-json\/wp\/v2\/users\/1"}],"replies":[{"embeddable":true,"href":"https:\/\/gastroklinika.lv\/index.php\/wp-json\/wp\/v2\/comments?post=119"}],"version-history":[{"count":19,"href":"https:\/\/gastroklinika.lv\/index.php\/wp-json\/wp\/v2\/pages\/119\/revisions"}],"predecessor-version":[{"id":705,"href":"https:\/\/gastroklinika.lv\/index.php\/wp-json\/wp\/v2\/pages\/119\/revisions\/705"}],"wp:attachment":[{"href":"https:\/\/gastroklinika.lv\/index.php\/wp-json\/wp\/v2\/media?parent=119"}],"curies":[{"name":"wp","href":"https:\/\/api.w.org\/{rel}","templated":true}]}}